{"id":146,"date":"2026-01-11T12:04:41","date_gmt":"2026-01-11T12:04:41","guid":{"rendered":"https:\/\/mdfilm.ch\/?page_id=146"},"modified":"2026-01-12T13:04:31","modified_gmt":"2026-01-12T13:04:31","slug":"ueber-uns","status":"publish","type":"page","link":"https:\/\/mdfilm.ch\/?page_id=146","title":{"rendered":"\u00dcber uns"},"content":{"rendered":"\n<div class=\"wp-block-group alignfull has-background has-global-padding is-layout-constrained wp-container-core-group-is-layout-669513ed wp-block-group-is-layout-constrained\" style=\"background-color:#c1d2d9;margin-top:0;margin-bottom:0;padding-top:var(--wp--preset--spacing--50);padding-right:var(--wp--preset--spacing--50);padding-bottom:var(--wp--preset--spacing--50);padding-left:var(--wp--preset--spacing--50)\">\n<div class=\"wp-block-columns alignwide is-layout-flex wp-container-core-columns-is-layout-28f84493 wp-block-columns-is-layout-flex\">\n<div class=\"wp-block-column is-layout-flow wp-block-column-is-layout-flow\" style=\"flex-basis:40%\">\n<p class=\"wp-container-content-0733e5d0\"><strong>Matthias Dietiker<\/strong> &#8211; Biografie\/ Filmografie<\/p>\n<\/div>\n\n\n\n<div class=\"wp-block-column is-layout-flow wp-block-column-is-layout-flow\" style=\"flex-basis:60%\">\n<p class=\"has-heading-font-family\" style=\"font-size:clamp(1.039rem, 1.039rem + ((1vw - 0.2rem) * 0.935), 1.6rem);line-height:1.2\">Seit jeher fasziniert mich die Kunst, Menschen kennenzulernen und ihre einzigartigen Geschichten in Bildern festzuhalten. Es ist f\u00fcr mich eine reizvolle Herausforderung, auf Menschen zuzugehen, ihr Vertrauen zu gewinnen und ihre Welt zu verstehen. Diese Begegnungen sind f\u00fcr mich nicht nur inspirierend, sondern auch ein Schl\u00fcssel zu neuen Perspektiven. Mein Ziel ist es, meine Sichtweise mit Anderen zu teilen und ihnen damit etwas zu zeigen, dass sie vielleicht selbst noch nie gesehen haben.<\/p>\n<\/div>\n<\/div>\n\n\n\n<div style=\"height:var(--wp--preset--spacing--40)\" aria-hidden=\"true\" class=\"wp-block-spacer\"><\/div>\n\n\n\n<figure class=\"wp-block-image alignwide size-full is-style-rounded is-style-rounded--1\"><img loading=\"lazy\" decoding=\"async\" width=\"778\" height=\"556\" src=\"https:\/\/mdfilm.ch\/wp-content\/uploads\/2025\/01\/matthias_sw-3.jpg\" alt=\"\" class=\"wp-image-17\" srcset=\"https:\/\/mdfilm.ch\/wp-content\/uploads\/2025\/01\/matthias_sw-3.jpg 778w, https:\/\/mdfilm.ch\/wp-content\/uploads\/2025\/01\/matthias_sw-3-300x214.jpg 300w, https:\/\/mdfilm.ch\/wp-content\/uploads\/2025\/01\/matthias_sw-3-768x549.jpg 768w\" sizes=\"auto, (max-width: 778px) 100vw, 778px\" \/><\/figure>\n<\/div>\n\n\n\n<div class=\"wp-block-group alignfull has-base-background-color has-background has-global-padding is-layout-constrained wp-container-core-group-is-layout-d89aad35 wp-block-group-is-layout-constrained\" style=\"margin-top:0;margin-bottom:0;padding-top:var(--wp--preset--spacing--50);padding-right:var(--wp--preset--spacing--50);padding-bottom:var(--wp--preset--spacing--50);padding-left:var(--wp--preset--spacing--50)\">\n<div class=\"wp-block-columns alignwide is-layout-flex wp-container-core-columns-is-layout-549b0c86 wp-block-columns-is-layout-flex\">\n<div class=\"wp-block-column has-global-padding is-content-justification-left is-layout-constrained wp-container-core-column-is-layout-4f15e8fe wp-block-column-is-layout-constrained\" style=\"flex-basis:40%\">\n<p><strong>Matthias Dietiker<\/strong> &#8211; Biografie\/ Filmografie<\/p>\n<\/div>\n\n\n\n<div class=\"wp-block-column is-layout-flow wp-container-core-column-is-layout-119bc444 wp-block-column-is-layout-flow\" style=\"flex-basis:60%\">\n<div class=\"wp-block-columns is-layout-flex wp-container-core-columns-is-layout-87beb0d0 wp-block-columns-is-layout-flex\">\n<div class=\"wp-block-column is-layout-flow wp-block-column-is-layout-flow\">\n<p class=\"wp-container-content-9cfa9a5a\">2025\u00a0 Projektentwicklung \u00abEIN EHRLICHES GESCH\u00c4FT\u00bb<\/p>\n\n\n\n<p>Kurzfilm \u00abPferdegest\u00fctzte Therapie\u00bb f\u00fcr \u00abBegegnung mit Tieren\u00bb &#8211; 8 Min.<\/p>\n\n\n\n<p>\u00a0Kurzfilm \u00abTiergest\u00fctzte Aktivierung\u00bb f\u00fcr \u00abBegegnung mit Tieren\u00bb &#8211; 8 Min.<\/p>\n\n\n\n<p>2024\u00a0\u00a0Filmkonzept FEK \u2013 Morgen sind wir Stars \u2013 Dokumentarfilm 80 Min.<\/p>\n\n\n\n<p>Drei Kurzfilme Brugg Regio <em>\u2013 Ausflugsorte in der Region Brugg<\/em>, 2-4 Min.<\/p>\n\n\n\n<p>2023 Kurzfilm <em>zeka-Rollers Aargau<\/em>, Doku, 10 Min.<\/p>\n\n\n\n<p>Kurzfilm <em>Stiftung Domino<\/em>, Doku, 4 Min.<\/p>\n\n\n\n<p>2022\u00a0\u00a0Kurzfilme f\u00fcr <em>Schweizer Architekturpreis<\/em>, Doku, 4 Min.<\/p>\n\n\n\n<p>2019\u00a0 Filmclip <em>NWA Schweiz<\/em>, Doku, 2 Min.<\/p>\n\n\n\n<p>2015\u00a0<em>Making of \u00abBrugg Regio Spot\u00bb<\/em>, Doku, 6 Min.<\/p>\n\n\n\n<p>2011 &#8211; 2015\u00a0 Diverse Kurzfilme f\u00fcr Documedia, Doku, 3-5 Min.<\/p>\n\n\n\n<p>2014\u00a0<em>Hinz und Kunz<\/em>, Theaterdokumentation, 20 Min.<\/p>\n\n\n\n<p>2010 &#8211; 2024\u00a0Diverse Fotoauftr\u00e4ge in den Bereichen Reportagen, Portraits, Architektur<\/p>\n\n\n\n<p>2009\u00a0DIT (Digital Imaging Technician) <em>Der b\u00f6se Onkel<\/em>, NW Film AG<\/p>\n\n\n\n<p>2008\u00a0<em>Making of \u00abIm Sog der Nacht\u00bb<\/em>, 20 Min., HesseGreutert Film AG<\/p>\n\n\n\n<p>2007\u00a0<em>Der Laden<\/em>, Idee und Realisation, Doku, 32 Min.<\/p>\n\n\n\n<p>2007\u00a0<em>Experten zum Thema Alter<\/em>, Doku, 8 Min.<\/p>\n\n\n\n<p>2007\u00a0<em>Noah<\/em>, Treatment f\u00fcr Spielfilm, 90 Min.<\/p>\n\n\n\n<p>(in Zusammenarbeit mit FOCAL Kinostoffentwicklungsprogramm)<\/p>\n\n\n\n<p>2006\u00a0Drehbuchkonzept <em>Ayla<\/em> f\u00fcr HesseGreutert Film AG, Z\u00fcrich (Kinospielfilm)<\/p>\n\n\n\n<p>2005\u00a0<em>Archithema \u2013 Der Film<\/em>, Doku, 18 Min.<\/p>\n\n\n\n<p>2002\u00a0<em>Ich bruch eigentlich kei Unterst\u00fctzig<\/em>, Doku, 15 Min.<\/p>\n\n\n\n<p>2001\u00a0<em>Josephines Reise<\/em>, Fiktion, Buch &amp; Regie, 10 Min.<\/p>\n\n\n\n<p>(Kinovorfilm, >10.000 Zuschauer)<\/p>\n\n\n\n<p>Festivals: Locarno, Solothurn, Bellinzona, Kairo<\/p>\n\n\n\n<p class=\"wp-container-content-9cfa9a5a\">Preise: Spezielle Erw\u00e4hnung, Locarno \/ Publikumspreis, Bellinzona<\/p>\n<\/div>\n<\/div>\n<\/div>\n<\/div>\n<\/div>\n\n\n\n<div class=\"wp-block-group alignfull has-background has-global-padding is-layout-constrained wp-container-core-group-is-layout-669513ed wp-block-group-is-layout-constrained\" style=\"background-color:#c1d2d9;margin-top:0;margin-bottom:0;padding-top:var(--wp--preset--spacing--50);padding-right:var(--wp--preset--spacing--50);padding-bottom:var(--wp--preset--spacing--50);padding-left:var(--wp--preset--spacing--50)\">\n<div class=\"wp-block-columns alignwide is-layout-flex wp-container-core-columns-is-layout-28f84493 wp-block-columns-is-layout-flex\">\n<div class=\"wp-block-column is-layout-flow wp-block-column-is-layout-flow\" style=\"flex-basis:40%\">\n<p class=\"wp-container-content-0733e5d0\"><strong>Martina Sch\u00f6nenberg<\/strong> &#8211; Biografie\/ Filmografie<\/p>\n<\/div>\n\n\n\n<div class=\"wp-block-column is-layout-flow wp-block-column-is-layout-flow\" style=\"flex-basis:60%\">\n<p class=\"has-heading-font-family\" style=\"font-size:clamp(1.039rem, 1.039rem + ((1vw - 0.2rem) * 0.935), 1.6rem);line-height:1.2\">Ich habe stets einen ganzheitlichen Blick auf Menschen \u2013 auf ihre St\u00e4rken, ihre Ressourcen und das, was sie einzigartig macht. Meine st\u00e4rken- und l\u00f6sungsorientierte Sichtweise hat mich in meiner Arbeit als Lehrerin und Heilp\u00e4dagogin an verschiedenen Sonderschulen begleitet und pr\u00e4gt auch heute meine T\u00e4tigkeit im Filmteam von Matthias Dietiker. Besonders faszinieren mich Menschen mit au\u00dfergew\u00f6hnlichen Geschichten. Sie werfen f\u00fcr mich zahlreiche Fragen auf, die zu Erz\u00e4hlungen inspirieren und andere Menschen ber\u00fchren und zum Nachdenken anregen.<\/p>\n<\/div>\n<\/div>\n\n\n\n<div style=\"height:var(--wp--preset--spacing--40)\" aria-hidden=\"true\" class=\"wp-block-spacer\"><\/div>\n\n\n\n<figure class=\"wp-block-image alignwide size-full is-style-rounded is-style-rounded--2\"><img loading=\"lazy\" decoding=\"async\" width=\"879\" height=\"626\" src=\"https:\/\/mdfilm.ch\/wp-content\/uploads\/2025\/01\/martina.jpg\" alt=\"\" class=\"wp-image-22\" srcset=\"https:\/\/mdfilm.ch\/wp-content\/uploads\/2025\/01\/martina.jpg 879w, https:\/\/mdfilm.ch\/wp-content\/uploads\/2025\/01\/martina-300x214.jpg 300w, https:\/\/mdfilm.ch\/wp-content\/uploads\/2025\/01\/martina-768x547.jpg 768w\" sizes=\"auto, (max-width: 879px) 100vw, 879px\" \/><\/figure>\n<\/div>\n\n\n\n<div class=\"wp-block-group alignfull has-base-background-color has-background has-global-padding is-layout-constrained wp-container-core-group-is-layout-d89aad35 wp-block-group-is-layout-constrained\" style=\"margin-top:0;margin-bottom:0;padding-top:var(--wp--preset--spacing--50);padding-right:var(--wp--preset--spacing--50);padding-bottom:var(--wp--preset--spacing--50);padding-left:var(--wp--preset--spacing--50)\">\n<div class=\"wp-block-columns alignwide is-layout-flex wp-container-core-columns-is-layout-549b0c86 wp-block-columns-is-layout-flex\">\n<div class=\"wp-block-column has-global-padding is-content-justification-left is-layout-constrained wp-container-core-column-is-layout-4f15e8fe wp-block-column-is-layout-constrained\" style=\"flex-basis:40%\">\n<p><strong>Martina Sch\u00f6nenberg<\/strong> &#8211; Biografie\/ Filmografie<\/p>\n<\/div>\n\n\n\n<div class=\"wp-block-column is-layout-flow wp-container-core-column-is-layout-119bc444 wp-block-column-is-layout-flow\" style=\"flex-basis:60%\">\n<div class=\"wp-block-columns is-layout-flex wp-container-core-columns-is-layout-87beb0d0 wp-block-columns-is-layout-flex\">\n<div class=\"wp-block-column is-layout-flow wp-block-column-is-layout-flow\">\n<p class=\"wp-container-content-9cfa9a5a\"><strong>Ausbildung<\/strong><\/p>\n\n\n\n<p>2019 &#8211; 2021: CAS \u00abTiergest\u00fctzte Interventionen\u00bb, Hochschule f\u00fcr Gesundheit Fribourg &amp; P\u00e4dagogische Hochschule Z\u00fcrich<\/p>\n\n\n\n<p>2014 &#8211; 2017:\u00a0 Masterstudium Sonderp\u00e4dagogik, Institut f\u00fcr spezielle P\u00e4dagogik und Psychologie, Basel, Vertiefungsrichtung \u00abSchulische Heilp\u00e4dagogik\u00bb<\/p>\n\n\n\n<p>2005 &#8211; 2010: Masterstudium Sekundarstufe I, P\u00e4dagogische Hochschule Zentralschweiz, Luzern, Unterrichtsberechtigte F\u00e4cher: Deutsch, Geschichte, Hauswirtschaft, Naturlehre, Spezialisierungsstudium: Heilp\u00e4dagogik<\/p>\n\n\n\n<p>2004 &#8211; 2005:\u00a0 Ein Semester Studium an der Universit\u00e9 de Fribourg (P\u00e4dagogik, Psychologie und Germanistik)<\/p>\n\n\n\n<p>2004:\u00a0Schweizerische Maturit\u00e4tspr\u00fcfung (Typus: Italienisch), Universit\u00e4t Z\u00fcrich<\/p>\n\n\n\n<p>2000 &#8211; 2001:\u00a0Praktikum Kindertagesheim L\u00fctzelstrasse, Basel<\/p>\n\n\n\n<p><strong>Berufliche T\u00e4tigkeit<\/strong><\/p>\n\n\n\n<p>2024\u00a0Schulische Heilp\u00e4dagogin, Schule Talholz, Bottmingen<\/p>\n\n\n\n<p>Seit 2023:\u00a0MD Film \u2013 Produktionsleitung, Drehbuch, Regie<\/p>\n\n\n\n<p>Seit 2023: Projektleiterin \u00abKUHscheln \u2013 Tiergest\u00fctzte Intervention mit K\u00fchen und Ochsen auf Lebensh\u00f6fen\u00bb<\/p>\n\n\n\n<p>2021 &#8211; 2022:\u00a0Tiergest\u00fctzte Projekte f\u00fcr Kinder und Jugendliche mit Behinderungen und deren Geschwister, Obere Klus, Aesch<\/p>\n\n\n\n<p>2020 &#8211; 2022:\u00a0Fachverantwortung Einzelf\u00f6rderung, Kinderheim Kl\u00f6sterli, Wettingen<\/p>\n\n\n\n<p>2018 &#8211; 2020:\u00a0 Schulische Heilp\u00e4dagogin, Therapie Schulzentrum M\u00fcnchenstein<\/p>\n\n\n\n<p>2012 &#8211; 2018:\u00a0Schulische Heilp\u00e4dagogin, zeka Baden, D\u00e4ttwil<\/p>\n\n\n\n<p>2008 &#8211; 2012:\u00a0Springerin Kindertagesheim Stiftung, Binningen<\/p>\n\n\n\n<p>2010 &#8211; 2012:\u00a0Klassenlehrperson Niveau E, Sekundarschule Laufen<\/p>\n\n\n\n<p><strong>Filmografie<\/strong><\/p>\n\n\n\n<p>2024:\u00a0Filmkonzept FEK \u2013 Morgen sind wir Stars \u2013 Dokumentarfilm 80 Min.<\/p>\n\n\n\n<p>2023:\u00a0Kurzfilm <em>zeka-Rollers Aargau<\/em>, Doku, 10 Min.<\/p>\n\n\n\n<p class=\"wp-container-content-9cfa9a5a\">2023: Kurzfilm <em>Stiftung Domino<\/em>, Doku, 4 Min.<\/p>\n<\/div>\n<\/div>\n<\/div>\n<\/div>\n<\/div>\n","protected":false},"excerpt":{"rendered":"<p>Matthias Dietiker &#8211; Biografie\/ Filmografie Seit jeher fasziniert mich die Kunst, Menschen kennenzulernen und ihre einzigartigen Geschichten in Bildern festzuhalten. Es ist f\u00fcr mich eine reizvolle Herausforderung, auf Menschen zuzugehen, ihr Vertrauen zu gewinnen und ihre Welt zu verstehen. Diese Begegnungen sind f\u00fcr mich nicht nur inspirierend, sondern auch ein Schl\u00fcssel zu neuen Perspektiven. Mein [&hellip;]<\/p>\n","protected":false},"author":1,"featured_media":0,"parent":0,"menu_order":0,"comment_status":"closed","ping_status":"closed","template":"","meta":{"footnotes":""},"class_list":["post-146","page","type-page","status-publish","hentry"],"_links":{"self":[{"href":"https:\/\/mdfilm.ch\/index.php?rest_route=\/wp\/v2\/pages\/146","targetHints":{"allow":["GET"]}}],"collection":[{"href":"https:\/\/mdfilm.ch\/index.php?rest_route=\/wp\/v2\/pages"}],"about":[{"href":"https:\/\/mdfilm.ch\/index.php?rest_route=\/wp\/v2\/types\/page"}],"author":[{"embeddable":true,"href":"https:\/\/mdfilm.ch\/index.php?rest_route=\/wp\/v2\/users\/1"}],"replies":[{"embeddable":true,"href":"https:\/\/mdfilm.ch\/index.php?rest_route=%2Fwp%2Fv2%2Fcomments&post=146"}],"version-history":[{"count":16,"href":"https:\/\/mdfilm.ch\/index.php?rest_route=\/wp\/v2\/pages\/146\/revisions"}],"predecessor-version":[{"id":191,"href":"https:\/\/mdfilm.ch\/index.php?rest_route=\/wp\/v2\/pages\/146\/revisions\/191"}],"wp:attachment":[{"href":"https:\/\/mdfilm.ch\/index.php?rest_route=%2Fwp%2Fv2%2Fmedia&parent=146"}],"curies":[{"name":"wp","href":"https:\/\/api.w.org\/{rel}","templated":true}]}}